{"id":6330,"date":"2024-05-23T10:45:26","date_gmt":"2024-05-23T07:45:26","guid":{"rendered":"https:\/\/invest.papilon.com.tr\/cms\/?page_id=6330"},"modified":"2024-05-23T11:14:11","modified_gmt":"2024-05-23T08:14:11","slug":"loi-sur-la-protection-des-donnees-personnelles","status":"publish","type":"page","link":"https:\/\/invest.papilon.com.tr\/cms\/index.php\/fr\/loi-sur-la-protection-des-donnees-personnelles\/","title":{"rendered":"loi sur la protection des donn\u00e9es personnelles"},"content":{"rendered":"\t\t<div data-elementor-type=\"wp-page\" data-elementor-id=\"6330\" class=\"elementor elementor-6330\" data-elementor-settings=\"[]\">\n\t\t\t\t\t\t\t<div class=\"elementor-section-wrap\">\n\t\t\t\t\t\t\t<section class=\"elementor-section elementor-top-section elementor-element elementor-element-c9fc81d elementor-section-boxed elementor-section-height-default elementor-section-height-default\" data-id=\"c9fc81d\" data-element_type=\"section\">\n\t\t\t\t\t\t<div class=\"elementor-container elementor-column-gap-default\">\n\t\t\t\t\t<div class=\"elementor-column elementor-col-100 elementor-top-column elementor-element elementor-element-a22f6db\" data-id=\"a22f6db\" data-element_type=\"column\">\n\t\t\t<div class=\"elementor-widget-wrap elementor-element-populated\">\n\t\t\t\t\t\t\t\t<div class=\"elementor-element elementor-element-390f08a elementor-widget elementor-widget-heading\" data-id=\"390f08a\" data-element_type=\"widget\" data-widget_type=\"heading.default\">\n\t\t\t\t<div class=\"elementor-widget-container\">\n\t\t\t<h2 class=\"elementor-heading-title elementor-size-default\"><span class=\"ui-provider eb bak axi bal bam ban bao bap baq bar bas bat bau bav baw bax bay baz bba bbb bbc bbd bbe bbf bbg bbh bbi bbj bbk bbl bbm bbn bbo bbp bbq\" dir=\"ltr\">loi sur la protection des donn\u00e9es personnelles<\/span><\/h2>\t\t<\/div>\n\t\t\t\t<\/div>\n\t\t\t\t\t<\/div>\n\t\t<\/div>\n\t\t\t\t\t\t\t<\/div>\n\t\t<\/section>\n\t\t\t\t<section class=\"elementor-section elementor-top-section elementor-element elementor-element-9fe054a elementor-section-boxed elementor-section-height-default elementor-section-height-default\" data-id=\"9fe054a\" data-element_type=\"section\">\n\t\t\t\t\t\t<div class=\"elementor-container elementor-column-gap-default\">\n\t\t\t\t\t<div class=\"elementor-column elementor-col-100 elementor-top-column elementor-element elementor-element-2d2046a\" data-id=\"2d2046a\" data-element_type=\"column\">\n\t\t\t<div class=\"elementor-widget-wrap elementor-element-populated\">\n\t\t\t\t\t\t\t\t<div class=\"elementor-element elementor-element-6263bda elementor-widget elementor-widget-text-editor\" data-id=\"6263bda\" data-element_type=\"widget\" data-widget_type=\"text-editor.default\">\n\t\t\t\t<div class=\"elementor-widget-container\">\n\t\t\t\t\t\t\t<p><a href=\"https:\/\/invest.papilon.com.tr\/cms\/wp-content\/uploads\/2024\/05\/KVK-BASVURU-FORMU_PAPILON.pdf\"><span dir=\"ltr\">Bas\u00e9 sur l&#8217;article 11 de la loi n\u00b0 6698 sur la protection des donn\u00e9es personnelles Cliquez ici pour le formulaire de demande pour les personnes physiques.<\/span><\/a><\/p>\t\t\t\t\t\t<\/div>\n\t\t\t\t<\/div>\n\t\t\t\t\t<\/div>\n\t\t<\/div>\n\t\t\t\t\t\t\t<\/div>\n\t\t<\/section>\n\t\t\t\t<section class=\"elementor-section elementor-top-section elementor-element elementor-element-60fbdb9 elementor-section-boxed elementor-section-height-default elementor-section-height-default\" data-id=\"60fbdb9\" data-element_type=\"section\">\n\t\t\t\t\t\t<div class=\"elementor-container elementor-column-gap-default\">\n\t\t\t\t\t<div class=\"elementor-column elementor-col-100 elementor-top-column elementor-element elementor-element-a555ccb\" data-id=\"a555ccb\" data-element_type=\"column\">\n\t\t\t<div class=\"elementor-widget-wrap elementor-element-populated\">\n\t\t\t\t\t\t\t\t<div class=\"elementor-element elementor-element-4ce52d1 elementor-widget elementor-widget-image\" data-id=\"4ce52d1\" data-element_type=\"widget\" data-widget_type=\"image.default\">\n\t\t\t\t<div class=\"elementor-widget-container\">\n\t\t\t\t\t\t\t\t\t\t\t\t\t\t\t<img loading=\"lazy\" decoding=\"async\" width=\"1024\" height=\"320\" src=\"https:\/\/invest.papilon.com.tr\/cms\/wp-content\/uploads\/2024\/05\/duyuru1-1024x320.jpeg\" class=\"attachment-large size-large\" alt=\"\" srcset=\"https:\/\/invest.papilon.com.tr\/cms\/wp-content\/uploads\/2024\/05\/duyuru1-1024x320.jpeg 1024w, https:\/\/invest.papilon.com.tr\/cms\/wp-content\/uploads\/2024\/05\/duyuru1-300x94.jpeg 300w, https:\/\/invest.papilon.com.tr\/cms\/wp-content\/uploads\/2024\/05\/duyuru1-768x240.jpeg 768w, https:\/\/invest.papilon.com.tr\/cms\/wp-content\/uploads\/2024\/05\/duyuru1-1536x480.jpeg 1536w, https:\/\/invest.papilon.com.tr\/cms\/wp-content\/uploads\/2024\/05\/duyuru1-1126x352.jpeg 1126w, https:\/\/invest.papilon.com.tr\/cms\/wp-content\/uploads\/2024\/05\/duyuru1-740x231.jpeg 740w, https:\/\/invest.papilon.com.tr\/cms\/wp-content\/uploads\/2024\/05\/duyuru1.jpeg 1920w\" sizes=\"auto, (max-width: 1024px) 100vw, 1024px\" \/>\t\t\t\t\t\t\t\t\t\t\t\t\t\t\t<\/div>\n\t\t\t\t<\/div>\n\t\t\t\t\t<\/div>\n\t\t<\/div>\n\t\t\t\t\t\t\t<\/div>\n\t\t<\/section>\n\t\t\t\t\t\t<\/div>\n\t\t\t\t\t<\/div>\n\t\t","protected":false},"excerpt":{"rendered":"<p>loi sur la protection des donn\u00e9es personnelles Bas\u00e9 sur l&#8217;article 11 de la loi n\u00b0 6698 sur la protection des donn\u00e9es personnelles Cliquez ici pour&#8230;<\/p>\n","protected":false},"author":3,"featured_media":0,"parent":0,"menu_order":0,"comment_status":"closed","ping_status":"closed","template":"","meta":{"_eb_attr":"","_mi_skip_tracking":false,"_monsterinsights_sitenote_active":false,"_monsterinsights_sitenote_note":"","_monsterinsights_sitenote_category":0,"footnotes":""},"class_list":["post-6330","page","type-page","status-publish","hentry"],"yoast_head":"<!-- This site is optimized with the Yoast SEO plugin v20.11 - https:\/\/yoast.com\/wordpress\/plugins\/seo\/ -->\n<title>loi sur la protection des donn\u00e9es personnelles - Invest<\/title>\n<meta name=\"robots\" content=\"index, follow, max-snippet:-1, max-image-preview:large, max-video-preview:-1\" \/>\n<link rel=\"canonical\" href=\"https:\/\/invest.papilon.com.tr\/cms\/index.php\/fr\/loi-sur-la-protection-des-donnees-personnelles\/\" \/>\n<meta property=\"og:locale\" content=\"tr_TR\" \/>\n<meta property=\"og:type\" content=\"article\" \/>\n<meta property=\"og:title\" content=\"loi sur la protection des donn\u00e9es personnelles - Invest\" \/>\n<meta property=\"og:description\" content=\"loi sur la protection des donn\u00e9es personnelles Bas\u00e9 sur l&#8217;article 11 de la loi n\u00b0 6698 sur la protection des donn\u00e9es personnelles Cliquez ici pour...\" \/>\n<meta property=\"og:url\" content=\"https:\/\/invest.papilon.com.tr\/cms\/index.php\/fr\/loi-sur-la-protection-des-donnees-personnelles\/\" \/>\n<meta property=\"og:site_name\" content=\"Invest\" \/>\n<meta property=\"article:modified_time\" content=\"2024-05-23T08:14:11+00:00\" \/>\n<meta property=\"og:image\" content=\"https:\/\/invest.papilon.com.tr\/cms\/wp-content\/uploads\/2024\/05\/duyuru1-1024x320.jpeg\" \/>\n<meta name=\"twitter:card\" content=\"summary_large_image\" \/>\n<meta name=\"twitter:label1\" content=\"Tahmini okuma s\u00fcresi\" \/>\n\t<meta name=\"twitter:data1\" content=\"1 dakika\" \/>\n<script type=\"application\/ld+json\" class=\"yoast-schema-graph\">{\"@context\":\"https:\/\/schema.org\",\"@graph\":[{\"@type\":\"WebPage\",\"@id\":\"https:\/\/invest.papilon.com.tr\/cms\/index.php\/fr\/loi-sur-la-protection-des-donnees-personnelles\/\",\"url\":\"https:\/\/invest.papilon.com.tr\/cms\/index.php\/fr\/loi-sur-la-protection-des-donnees-personnelles\/\",\"name\":\"loi sur la protection des donn\u00e9es personnelles - Invest\",\"isPartOf\":{\"@id\":\"https:\/\/invest.papilon.com.tr\/cms\/#website\"},\"datePublished\":\"2024-05-23T07:45:26+00:00\",\"dateModified\":\"2024-05-23T08:14:11+00:00\",\"breadcrumb\":{\"@id\":\"https:\/\/invest.papilon.com.tr\/cms\/index.php\/fr\/loi-sur-la-protection-des-donnees-personnelles\/#breadcrumb\"},\"inLanguage\":\"tr\",\"potentialAction\":[{\"@type\":\"ReadAction\",\"target\":[\"https:\/\/invest.papilon.com.tr\/cms\/index.php\/fr\/loi-sur-la-protection-des-donnees-personnelles\/\"]}]},{\"@type\":\"BreadcrumbList\",\"@id\":\"https:\/\/invest.papilon.com.tr\/cms\/index.php\/fr\/loi-sur-la-protection-des-donnees-personnelles\/#breadcrumb\",\"itemListElement\":[{\"@type\":\"ListItem\",\"position\":1,\"name\":\"Anasayfa\",\"item\":\"https:\/\/invest.papilon.com.tr\/cms\/\"},{\"@type\":\"ListItem\",\"position\":2,\"name\":\"loi sur la protection des donn\u00e9es personnelles\"}]},{\"@type\":\"WebSite\",\"@id\":\"https:\/\/invest.papilon.com.tr\/cms\/#website\",\"url\":\"https:\/\/invest.papilon.com.tr\/cms\/\",\"name\":\"Papilon Yat\u0131r\u0131mc\u0131 \u0130li\u015fkileri\",\"description\":\"Papilon Yat\u0131r\u0131mc\u0131 \u0130li\u015fkileri\",\"publisher\":{\"@id\":\"https:\/\/invest.papilon.com.tr\/cms\/#organization\"},\"potentialAction\":[{\"@type\":\"SearchAction\",\"target\":{\"@type\":\"EntryPoint\",\"urlTemplate\":\"https:\/\/invest.papilon.com.tr\/cms\/?s={search_term_string}\"},\"query-input\":\"required name=search_term_string\"}],\"inLanguage\":\"tr\"},{\"@type\":\"Organization\",\"@id\":\"https:\/\/invest.papilon.com.tr\/cms\/#organization\",\"name\":\"Papilon Savunma\",\"url\":\"https:\/\/invest.papilon.com.tr\/cms\/\",\"logo\":{\"@type\":\"ImageObject\",\"inLanguage\":\"tr\",\"@id\":\"https:\/\/invest.papilon.com.tr\/cms\/#\/schema\/logo\/image\/\",\"url\":\"https:\/\/invest.papilon.com.tr\/cms\/wp-content\/uploads\/2021\/04\/cropped-Papilon-site-ikonu.png\",\"contentUrl\":\"https:\/\/invest.papilon.com.tr\/cms\/wp-content\/uploads\/2021\/04\/cropped-Papilon-site-ikonu.png\",\"width\":512,\"height\":512,\"caption\":\"Papilon Savunma\"},\"image\":{\"@id\":\"https:\/\/invest.papilon.com.tr\/cms\/#\/schema\/logo\/image\/\"}}]}<\/script>\n<!-- \/ Yoast SEO plugin. -->","yoast_head_json":{"title":"loi sur la protection des donn\u00e9es personnelles - Invest","robots":{"index":"index","follow":"follow","max-snippet":"max-snippet:-1","max-image-preview":"max-image-preview:large","max-video-preview":"max-video-preview:-1"},"canonical":"https:\/\/invest.papilon.com.tr\/cms\/index.php\/fr\/loi-sur-la-protection-des-donnees-personnelles\/","og_locale":"tr_TR","og_type":"article","og_title":"loi sur la protection des donn\u00e9es personnelles - Invest","og_description":"loi sur la protection des donn\u00e9es personnelles Bas\u00e9 sur l&#8217;article 11 de la loi n\u00b0 6698 sur la protection des donn\u00e9es personnelles Cliquez ici pour...","og_url":"https:\/\/invest.papilon.com.tr\/cms\/index.php\/fr\/loi-sur-la-protection-des-donnees-personnelles\/","og_site_name":"Invest","article_modified_time":"2024-05-23T08:14:11+00:00","og_image":[{"url":"https:\/\/invest.papilon.com.tr\/cms\/wp-content\/uploads\/2024\/05\/duyuru1-1024x320.jpeg"}],"twitter_card":"summary_large_image","twitter_misc":{"Tahmini okuma s\u00fcresi":"1 dakika"},"schema":{"@context":"https:\/\/schema.org","@graph":[{"@type":"WebPage","@id":"https:\/\/invest.papilon.com.tr\/cms\/index.php\/fr\/loi-sur-la-protection-des-donnees-personnelles\/","url":"https:\/\/invest.papilon.com.tr\/cms\/index.php\/fr\/loi-sur-la-protection-des-donnees-personnelles\/","name":"loi sur la protection des donn\u00e9es personnelles - Invest","isPartOf":{"@id":"https:\/\/invest.papilon.com.tr\/cms\/#website"},"datePublished":"2024-05-23T07:45:26+00:00","dateModified":"2024-05-23T08:14:11+00:00","breadcrumb":{"@id":"https:\/\/invest.papilon.com.tr\/cms\/index.php\/fr\/loi-sur-la-protection-des-donnees-personnelles\/#breadcrumb"},"inLanguage":"tr","potentialAction":[{"@type":"ReadAction","target":["https:\/\/invest.papilon.com.tr\/cms\/index.php\/fr\/loi-sur-la-protection-des-donnees-personnelles\/"]}]},{"@type":"BreadcrumbList","@id":"https:\/\/invest.papilon.com.tr\/cms\/index.php\/fr\/loi-sur-la-protection-des-donnees-personnelles\/#breadcrumb","itemListElement":[{"@type":"ListItem","position":1,"name":"Anasayfa","item":"https:\/\/invest.papilon.com.tr\/cms\/"},{"@type":"ListItem","position":2,"name":"loi sur la protection des donn\u00e9es personnelles"}]},{"@type":"WebSite","@id":"https:\/\/invest.papilon.com.tr\/cms\/#website","url":"https:\/\/invest.papilon.com.tr\/cms\/","name":"Papilon Yat\u0131r\u0131mc\u0131 \u0130li\u015fkileri","description":"Papilon Yat\u0131r\u0131mc\u0131 \u0130li\u015fkileri","publisher":{"@id":"https:\/\/invest.papilon.com.tr\/cms\/#organization"},"potentialAction":[{"@type":"SearchAction","target":{"@type":"EntryPoint","urlTemplate":"https:\/\/invest.papilon.com.tr\/cms\/?s={search_term_string}"},"query-input":"required name=search_term_string"}],"inLanguage":"tr"},{"@type":"Organization","@id":"https:\/\/invest.papilon.com.tr\/cms\/#organization","name":"Papilon Savunma","url":"https:\/\/invest.papilon.com.tr\/cms\/","logo":{"@type":"ImageObject","inLanguage":"tr","@id":"https:\/\/invest.papilon.com.tr\/cms\/#\/schema\/logo\/image\/","url":"https:\/\/invest.papilon.com.tr\/cms\/wp-content\/uploads\/2021\/04\/cropped-Papilon-site-ikonu.png","contentUrl":"https:\/\/invest.papilon.com.tr\/cms\/wp-content\/uploads\/2021\/04\/cropped-Papilon-site-ikonu.png","width":512,"height":512,"caption":"Papilon Savunma"},"image":{"@id":"https:\/\/invest.papilon.com.tr\/cms\/#\/schema\/logo\/image\/"}}]}},"_links":{"self":[{"href":"https:\/\/invest.papilon.com.tr\/cms\/index.php\/wp-json\/wp\/v2\/pages\/6330","targetHints":{"allow":["GET"]}}],"collection":[{"href":"https:\/\/invest.papilon.com.tr\/cms\/index.php\/wp-json\/wp\/v2\/pages"}],"about":[{"href":"https:\/\/invest.papilon.com.tr\/cms\/index.php\/wp-json\/wp\/v2\/types\/page"}],"author":[{"embeddable":true,"href":"https:\/\/invest.papilon.com.tr\/cms\/index.php\/wp-json\/wp\/v2\/users\/3"}],"replies":[{"embeddable":true,"href":"https:\/\/invest.papilon.com.tr\/cms\/index.php\/wp-json\/wp\/v2\/comments?post=6330"}],"version-history":[{"count":7,"href":"https:\/\/invest.papilon.com.tr\/cms\/index.php\/wp-json\/wp\/v2\/pages\/6330\/revisions"}],"predecessor-version":[{"id":6341,"href":"https:\/\/invest.papilon.com.tr\/cms\/index.php\/wp-json\/wp\/v2\/pages\/6330\/revisions\/6341"}],"wp:attachment":[{"href":"https:\/\/invest.papilon.com.tr\/cms\/index.php\/wp-json\/wp\/v2\/media?parent=6330"}],"curies":[{"name":"wp","href":"https:\/\/api.w.org\/{rel}","templated":true}]}}