{"id":4711,"date":"2023-02-16T09:10:22","date_gmt":"2023-02-16T06:10:22","guid":{"rendered":"https:\/\/invest.papilon.com.tr\/cms\/?page_id=4711"},"modified":"2025-08-11T09:34:52","modified_gmt":"2025-08-11T06:34:52","slug":"committees-of-the-board-of-directors","status":"publish","type":"page","link":"https:\/\/invest.papilon.com.tr\/cms\/index.php\/en\/committees-of-the-board-of-directors\/","title":{"rendered":"Committees of the Board of Directors"},"content":{"rendered":"\t\t<div data-elementor-type=\"wp-page\" data-elementor-id=\"4711\" class=\"elementor elementor-4711\" data-elementor-settings=\"[]\">\n\t\t\t\t\t\t\t<div class=\"elementor-section-wrap\">\n\t\t\t\t\t\t\t<section class=\"elementor-section elementor-top-section elementor-element elementor-element-51e9db78 elementor-section-full_width elementor-section-height-min-height elementor-section-stretched elementor-section-height-default elementor-section-items-middle\" data-id=\"51e9db78\" data-element_type=\"section\" data-settings=\"{&quot;stretch_section&quot;:&quot;section-stretched&quot;,&quot;background_background&quot;:&quot;gradient&quot;}\">\n\t\t\t\t\t\t\t<div class=\"elementor-background-overlay\"><\/div>\n\t\t\t\t\t\t\t<div class=\"elementor-container elementor-column-gap-default\">\n\t\t\t\t\t<div class=\"elementor-column elementor-col-100 elementor-top-column elementor-element elementor-element-342cd08f\" data-id=\"342cd08f\" data-element_type=\"column\">\n\t\t\t<div class=\"elementor-widget-wrap elementor-element-populated\">\n\t\t\t\t\t\t\t\t\t<\/div>\n\t\t<\/div>\n\t\t\t\t\t\t\t<\/div>\n\t\t<\/section>\n\t\t\t\t<section class=\"elementor-section elementor-top-section elementor-element elementor-element-18ca1ea elementor-section-boxed elementor-section-height-default elementor-section-height-default\" data-id=\"18ca1ea\" data-element_type=\"section\">\n\t\t\t\t\t\t<div class=\"elementor-container elementor-column-gap-default\">\n\t\t\t\t\t<div class=\"elementor-column elementor-col-100 elementor-top-column elementor-element elementor-element-68fb72c\" data-id=\"68fb72c\" data-element_type=\"column\">\n\t\t\t<div class=\"elementor-widget-wrap elementor-element-populated\">\n\t\t\t\t\t\t\t\t<div class=\"elementor-element elementor-element-fbfd051 elementor-widget elementor-widget-spacer\" data-id=\"fbfd051\" data-element_type=\"widget\" data-widget_type=\"spacer.default\">\n\t\t\t\t<div class=\"elementor-widget-container\">\n\t\t\t\t\t<div class=\"elementor-spacer\">\n\t\t\t<div class=\"elementor-spacer-inner\"><\/div>\n\t\t<\/div>\n\t\t\t\t<\/div>\n\t\t\t\t<\/div>\n\t\t\t\t\t<\/div>\n\t\t<\/div>\n\t\t\t\t\t\t\t<\/div>\n\t\t<\/section>\n\t\t\t\t<section class=\"elementor-section elementor-top-section elementor-element elementor-element-827086f elementor-section-stretched elementor-section-height-min-height elementor-section-boxed elementor-section-height-default elementor-section-items-middle\" data-id=\"827086f\" data-element_type=\"section\" data-settings=\"{&quot;stretch_section&quot;:&quot;section-stretched&quot;,&quot;background_background&quot;:&quot;gradient&quot;}\">\n\t\t\t\t\t\t\t<div class=\"elementor-background-overlay\"><\/div>\n\t\t\t\t\t\t\t<div class=\"elementor-container elementor-column-gap-default\">\n\t\t\t\t\t<div class=\"elementor-column elementor-col-100 elementor-top-column elementor-element elementor-element-aba26b8\" data-id=\"aba26b8\" data-element_type=\"column\">\n\t\t\t<div class=\"elementor-widget-wrap elementor-element-populated\">\n\t\t\t\t\t\t\t\t<div class=\"elementor-element elementor-element-ed63eb8 elementor-widget elementor-widget-heading\" data-id=\"ed63eb8\" data-element_type=\"widget\" data-widget_type=\"heading.default\">\n\t\t\t\t<div class=\"elementor-widget-container\">\n\t\t\t<h2 class=\"elementor-heading-title elementor-size-default\">COMMITTEES OF THE BOARD OF DIRECTORS <\/h2>\t\t<\/div>\n\t\t\t\t<\/div>\n\t\t\t\t<section class=\"elementor-section elementor-inner-section elementor-element elementor-element-56a0c01 elementor-section-boxed elementor-section-height-default elementor-section-height-default\" data-id=\"56a0c01\" data-element_type=\"section\" data-settings=\"{&quot;background_background&quot;:&quot;classic&quot;}\">\n\t\t\t\t\t\t<div class=\"elementor-container elementor-column-gap-default\">\n\t\t\t\t\t<div class=\"elementor-column elementor-col-50 elementor-inner-column elementor-element elementor-element-1b686cd\" data-id=\"1b686cd\" data-element_type=\"column\">\n\t\t\t<div class=\"elementor-widget-wrap elementor-element-populated\">\n\t\t\t\t\t\t\t\t<div class=\"elementor-element elementor-element-4050081 elementor-widget elementor-widget-heading\" data-id=\"4050081\" data-element_type=\"widget\" data-widget_type=\"heading.default\">\n\t\t\t\t<div class=\"elementor-widget-container\">\n\t\t\t<h2 class=\"elementor-heading-title elementor-size-default\">CORPORATE GOVERNANCE COMMITTEE\n<\/h2>\t\t<\/div>\n\t\t\t\t<\/div>\n\t\t\t\t<div class=\"elementor-element elementor-element-fe3cb54 elementor-widget elementor-widget-text-editor\" data-id=\"fe3cb54\" data-element_type=\"widget\" data-widget_type=\"text-editor.default\">\n\t\t\t\t<div class=\"elementor-widget-container\">\n\t\t\t\t\t\t\t<p>\u00a0<\/p><table id=\"tablepress-16\" class=\"tablepress tablepress-id-16\"><tbody class=\"row-hover\"><tr class=\"row-2 even\"><td class=\"column-1\"><strong>Chairman:<\/strong> CELALETT\u0130N KARABULUT (Independent Board Member)<\/td><\/tr><tr class=\"row-3 odd\"><td class=\"column-1\"><strong>Member:<\/strong> SAM\u0130 DUMAN (Independent Board Member)<\/td><\/tr><tr class=\"row-4 even\"><td class=\"column-1\"><strong>Member:<\/strong> AHMET \u00c7A\u011eRI DEM\u0130RTA\u015e (Investor Relations Manager)<\/td><\/tr><\/tbody><\/table>\t\t\t\t\t\t<\/div>\n\t\t\t\t<\/div>\n\t\t\t\t\t<\/div>\n\t\t<\/div>\n\t\t\t\t<div class=\"elementor-column elementor-col-50 elementor-inner-column elementor-element elementor-element-c5f45cf\" data-id=\"c5f45cf\" data-element_type=\"column\">\n\t\t\t<div class=\"elementor-widget-wrap elementor-element-populated\">\n\t\t\t\t\t\t\t\t<div class=\"elementor-element elementor-element-9291a75 elementor-widget elementor-widget-text-editor\" data-id=\"9291a75\" data-element_type=\"widget\" data-widget_type=\"text-editor.default\">\n\t\t\t\t<div class=\"elementor-widget-container\">\n\t\t\t\t\t\t\t<p><a href=\"https:\/\/invest.papilon.com.tr\/cms\/wp-content\/uploads\/2021\/04\/Kurumsal-Yonetim-Komitesi-Gorev-ve-Cal__ma-Yonergesi-1.pdf\" target=\"_blank\" rel=\"noopener\"><em><strong>Click for Corporate Governance Committee Working Principles<br \/><\/strong><\/em><\/a><\/p>\t\t\t\t\t\t<\/div>\n\t\t\t\t<\/div>\n\t\t\t\t\t<\/div>\n\t\t<\/div>\n\t\t\t\t\t\t\t<\/div>\n\t\t<\/section>\n\t\t\t\t<section class=\"elementor-section elementor-inner-section elementor-element elementor-element-55669a0 elementor-section-boxed elementor-section-height-default elementor-section-height-default\" data-id=\"55669a0\" data-element_type=\"section\" data-settings=\"{&quot;background_background&quot;:&quot;classic&quot;}\">\n\t\t\t\t\t\t<div class=\"elementor-container elementor-column-gap-default\">\n\t\t\t\t\t<div class=\"elementor-column elementor-col-50 elementor-inner-column elementor-element elementor-element-50555ab\" data-id=\"50555ab\" data-element_type=\"column\">\n\t\t\t<div class=\"elementor-widget-wrap elementor-element-populated\">\n\t\t\t\t\t\t\t\t<div class=\"elementor-element elementor-element-cb8fc9d elementor-widget elementor-widget-heading\" data-id=\"cb8fc9d\" data-element_type=\"widget\" data-widget_type=\"heading.default\">\n\t\t\t\t<div class=\"elementor-widget-container\">\n\t\t\t<h2 class=\"elementor-heading-title elementor-size-default\">AUDIT COMMITTEE\n<\/h2>\t\t<\/div>\n\t\t\t\t<\/div>\n\t\t\t\t<div class=\"elementor-element elementor-element-2414c73 elementor-widget elementor-widget-text-editor\" data-id=\"2414c73\" data-element_type=\"widget\" data-widget_type=\"text-editor.default\">\n\t\t\t\t<div class=\"elementor-widget-container\">\n\t\t\t\t\t\t\t<p>\u00a0<\/p><table id=\"tablepress-15\" class=\"tablepress tablepress-id-15\"><tbody class=\"row-hover\"><tr class=\"row-2 even\"><td class=\"column-1\"><strong>Chairman:<\/strong> SAM\u0130 DUMAN (Independent Board Member)<\/td><\/tr><tr class=\"row-3 odd\"><td class=\"column-1\"><strong>Member: <\/strong>CELALETT\u0130N KARABULUT\u00a0(Independent Board Member)<\/td><\/tr><\/tbody><\/table>\t\t\t\t\t\t<\/div>\n\t\t\t\t<\/div>\n\t\t\t\t\t<\/div>\n\t\t<\/div>\n\t\t\t\t<div class=\"elementor-column elementor-col-50 elementor-inner-column elementor-element elementor-element-ac12d55\" data-id=\"ac12d55\" data-element_type=\"column\">\n\t\t\t<div class=\"elementor-widget-wrap elementor-element-populated\">\n\t\t\t\t\t\t\t\t<div class=\"elementor-element elementor-element-a2761bc elementor-widget elementor-widget-text-editor\" data-id=\"a2761bc\" data-element_type=\"widget\" data-widget_type=\"text-editor.default\">\n\t\t\t\t<div class=\"elementor-widget-container\">\n\t\t\t\t\t\t\t<p><a href=\"https:\/\/invest.papilon.com.tr\/cms\/wp-content\/uploads\/2022\/04\/Denetimden-Sorumlu-Komite-Gorev-ve-Cal__ma-Yonergesi-1-1.pdf\" target=\"_blank\" rel=\"noopener\"><strong><em>Click here for the Working Principles of the Audit Committee<br \/><\/em><\/strong><\/a><\/p>\t\t\t\t\t\t<\/div>\n\t\t\t\t<\/div>\n\t\t\t\t\t<\/div>\n\t\t<\/div>\n\t\t\t\t\t\t\t<\/div>\n\t\t<\/section>\n\t\t\t\t<section class=\"elementor-section elementor-inner-section elementor-element elementor-element-26c036b elementor-section-boxed elementor-section-height-default elementor-section-height-default\" data-id=\"26c036b\" data-element_type=\"section\" data-settings=\"{&quot;background_background&quot;:&quot;classic&quot;}\">\n\t\t\t\t\t\t<div class=\"elementor-container elementor-column-gap-default\">\n\t\t\t\t\t<div class=\"elementor-column elementor-col-50 elementor-inner-column elementor-element elementor-element-cfe40ae\" data-id=\"cfe40ae\" data-element_type=\"column\">\n\t\t\t<div class=\"elementor-widget-wrap elementor-element-populated\">\n\t\t\t\t\t\t\t\t<div class=\"elementor-element elementor-element-f169ba3 elementor-widget elementor-widget-heading\" data-id=\"f169ba3\" data-element_type=\"widget\" data-widget_type=\"heading.default\">\n\t\t\t\t<div class=\"elementor-widget-container\">\n\t\t\t<h2 class=\"elementor-heading-title elementor-size-default\">EARLY DETECTION OF RISK COMMITTEE<\/h2>\t\t<\/div>\n\t\t\t\t<\/div>\n\t\t\t\t<div class=\"elementor-element elementor-element-881db16 elementor-widget elementor-widget-text-editor\" data-id=\"881db16\" data-element_type=\"widget\" data-widget_type=\"text-editor.default\">\n\t\t\t\t<div class=\"elementor-widget-container\">\n\t\t\t\t\t\t\t<table id=\"tablepress-17\" class=\"tablepress tablepress-id-17\"><tbody class=\"row-hover\"><tr class=\"row-2 even\"><td class=\"column-1\"><strong>Chairman:<\/strong> SAM\u0130 DUMAN (Ba\u011f\u0131ms\u0131z Y\u00f6netim Kurulu \u00dcyesi)<\/td><\/tr><tr class=\"row-3 odd\"><td class=\"column-1\"><strong>Member:<\/strong> CELALETT\u0130N KARABULUT (Ba\u011f\u0131ms\u0131z Y\u00f6netim Kurulu \u00dcyesi)<\/td><\/tr><\/tbody><\/table>\t\t\t\t\t\t<\/div>\n\t\t\t\t<\/div>\n\t\t\t\t\t<\/div>\n\t\t<\/div>\n\t\t\t\t<div class=\"elementor-column elementor-col-50 elementor-inner-column elementor-element elementor-element-387d9c8\" data-id=\"387d9c8\" data-element_type=\"column\">\n\t\t\t<div class=\"elementor-widget-wrap elementor-element-populated\">\n\t\t\t\t\t\t\t\t<div class=\"elementor-element elementor-element-7364878 elementor-widget elementor-widget-text-editor\" data-id=\"7364878\" data-element_type=\"widget\" data-widget_type=\"text-editor.default\">\n\t\t\t\t<div class=\"elementor-widget-container\">\n\t\t\t\t\t\t\t<p><br><\/p><p><br><\/p><p><a href=\"https:\/\/invest.papilon.com.tr\/cms\/wp-content\/uploads\/2022\/04\/Riskin-Erken-Saptanmas_-Komitesi-Gorev-ve-Cal__ma-Yonergesi-1-1.pdf\" target=\"_blank\" rel=\"noopener\"><em><strong>Click here for the Working Principles of the Early Detection of Risk Committee<br><\/strong><\/em><\/a><\/p>\t\t\t\t\t\t<\/div>\n\t\t\t\t<\/div>\n\t\t\t\t\t<\/div>\n\t\t<\/div>\n\t\t\t\t\t\t\t<\/div>\n\t\t<\/section>\n\t\t\t\t<section class=\"elementor-section elementor-inner-section elementor-element elementor-element-d6099c3 elementor-section-boxed elementor-section-height-default elementor-section-height-default\" data-id=\"d6099c3\" data-element_type=\"section\" data-settings=\"{&quot;background_background&quot;:&quot;classic&quot;}\">\n\t\t\t\t\t\t<div class=\"elementor-container elementor-column-gap-default\">\n\t\t\t\t\t<div class=\"elementor-column elementor-col-50 elementor-inner-column elementor-element elementor-element-327885d\" data-id=\"327885d\" data-element_type=\"column\">\n\t\t\t<div class=\"elementor-widget-wrap elementor-element-populated\">\n\t\t\t\t\t\t\t\t<div class=\"elementor-element elementor-element-fbfe5b3 elementor-widget elementor-widget-heading\" data-id=\"fbfe5b3\" data-element_type=\"widget\" data-widget_type=\"heading.default\">\n\t\t\t\t<div class=\"elementor-widget-container\">\n\t\t\t<h2 class=\"elementor-heading-title elementor-size-default\">SUSTAINABILITY COMMITTEE\n<\/h2>\t\t<\/div>\n\t\t\t\t<\/div>\n\t\t\t\t<div class=\"elementor-element elementor-element-d65f2fe elementor-widget elementor-widget-text-editor\" data-id=\"d65f2fe\" data-element_type=\"widget\" data-widget_type=\"text-editor.default\">\n\t\t\t\t<div class=\"elementor-widget-container\">\n\t\t\t\t\t\t\t<table>\n<tbody>\n<tr>\n<td>&nbsp;<\/td>\n<\/tr>\n<tr>\n<td>\n<p><strong>General Manager<\/strong><br><strong>Finance Director<\/strong><br><strong>Investor Relations Specialist<\/strong><br><strong>Human Resources Manager<\/strong><br><strong>R&amp;D Manager<\/strong><\/p>\n<\/td>\n<\/tr>\n<\/tbody>\n<\/table>\t\t\t\t\t\t<\/div>\n\t\t\t\t<\/div>\n\t\t\t\t\t<\/div>\n\t\t<\/div>\n\t\t\t\t<div class=\"elementor-column elementor-col-50 elementor-inner-column elementor-element elementor-element-b001983\" data-id=\"b001983\" data-element_type=\"column\">\n\t\t\t<div class=\"elementor-widget-wrap elementor-element-populated\">\n\t\t\t\t\t\t\t\t<div class=\"elementor-element elementor-element-67c0d6e elementor-widget elementor-widget-text-editor\" data-id=\"67c0d6e\" data-element_type=\"widget\" data-widget_type=\"text-editor.default\">\n\t\t\t\t<div class=\"elementor-widget-container\">\n\t\t\t\t\t\t\t<p><a href=\"https:\/\/invest.papilon.com.tr\/cms\/wp-content\/uploads\/2022\/12\/Surdurulebilirlik-Komitesi-Calisma-Esaslari.pdf\" target=\"_blank\" rel=\"noopener\"><em><strong>Click for Sustainability Committee Working Principles<br \/><\/strong><\/em><\/a><\/p>\t\t\t\t\t\t<\/div>\n\t\t\t\t<\/div>\n\t\t\t\t\t<\/div>\n\t\t<\/div>\n\t\t\t\t\t\t\t<\/div>\n\t\t<\/section>\n\t\t\t\t\t<\/div>\n\t\t<\/div>\n\t\t\t\t\t\t\t<\/div>\n\t\t<\/section>\n\t\t\t\t<section class=\"elementor-section elementor-top-section elementor-element elementor-element-b5b82e2 elementor-section-boxed elementor-section-height-default elementor-section-height-default\" data-id=\"b5b82e2\" data-element_type=\"section\">\n\t\t\t\t\t\t<div class=\"elementor-container elementor-column-gap-default\">\n\t\t\t\t\t<div class=\"elementor-column elementor-col-100 elementor-top-column elementor-element elementor-element-5842e6b\" data-id=\"5842e6b\" data-element_type=\"column\">\n\t\t\t<div class=\"elementor-widget-wrap elementor-element-populated\">\n\t\t\t\t\t\t\t\t<div class=\"elementor-element elementor-element-7080113 elementor-widget elementor-widget-spacer\" data-id=\"7080113\" data-element_type=\"widget\" data-widget_type=\"spacer.default\">\n\t\t\t\t<div class=\"elementor-widget-container\">\n\t\t\t\t\t<div class=\"elementor-spacer\">\n\t\t\t<div class=\"elementor-spacer-inner\"><\/div>\n\t\t<\/div>\n\t\t\t\t<\/div>\n\t\t\t\t<\/div>\n\t\t\t\t\t<\/div>\n\t\t<\/div>\n\t\t\t\t\t\t\t<\/div>\n\t\t<\/section>\n\t\t\t\t<section class=\"elementor-section elementor-top-section elementor-element elementor-element-5f285ae elementor-section-stretched elementor-section-boxed elementor-section-height-default elementor-section-height-default\" data-id=\"5f285ae\" data-element_type=\"section\" data-settings=\"{&quot;stretch_section&quot;:&quot;section-stretched&quot;}\">\n\t\t\t\t\t\t<div class=\"elementor-container elementor-column-gap-default\">\n\t\t\t\t\t<div class=\"elementor-column elementor-col-100 elementor-top-column elementor-element elementor-element-552728d\" data-id=\"552728d\" data-element_type=\"column\">\n\t\t\t<div class=\"elementor-widget-wrap elementor-element-populated\">\n\t\t\t\t\t\t\t\t<div class=\"elementor-element elementor-element-b10917a elementor-widget elementor-widget-spacer\" data-id=\"b10917a\" data-element_type=\"widget\" data-widget_type=\"spacer.default\">\n\t\t\t\t<div class=\"elementor-widget-container\">\n\t\t\t\t\t<div class=\"elementor-spacer\">\n\t\t\t<div class=\"elementor-spacer-inner\"><\/div>\n\t\t<\/div>\n\t\t\t\t<\/div>\n\t\t\t\t<\/div>\n\t\t\t\t\t<\/div>\n\t\t<\/div>\n\t\t\t\t\t\t\t<\/div>\n\t\t<\/section>\n\t\t\t\t\t\t<\/div>\n\t\t\t\t\t<\/div>\n\t\t","protected":false},"excerpt":{"rendered":"<p>COMMITTEES OF THE BOARD OF DIRECTORS CORPORATE GOVERNANCE COMMITTEE \u00a0 Chairman: CELALETT\u0130N KARABULUT (Independent Board Member) Member: SAM\u0130 DUMAN (Independent Board Member) Member: AHMET \u00c7A\u011eRI&#8230;<\/p>\n","protected":false},"author":6,"featured_media":0,"parent":0,"menu_order":0,"comment_status":"closed","ping_status":"closed","template":"elementor_header_footer","meta":{"_eb_attr":"","_mi_skip_tracking":false,"_monsterinsights_sitenote_active":false,"_monsterinsights_sitenote_note":"","_monsterinsights_sitenote_category":0,"footnotes":""},"class_list":["post-4711","page","type-page","status-publish","hentry"],"yoast_head":"<!-- This site is optimized with the Yoast SEO plugin v20.11 - https:\/\/yoast.com\/wordpress\/plugins\/seo\/ -->\n<title>Papilon Savunma - Yat\u0131r\u0131mc\u0131 \u0130li\u015fkileri - Committees of the Board of Directors - Invest<\/title>\n<meta name=\"robots\" content=\"index, follow, max-snippet:-1, max-image-preview:large, max-video-preview:-1\" \/>\n<link rel=\"canonical\" href=\"https:\/\/invest.papilon.com.tr\/cms\/index.php\/en\/committees-of-the-board-of-directors\/\" \/>\n<meta property=\"og:locale\" content=\"tr_TR\" \/>\n<meta property=\"og:type\" content=\"article\" \/>\n<meta property=\"og:title\" content=\"Papilon Savunma - Yat\u0131r\u0131mc\u0131 \u0130li\u015fkileri - Committees of the Board of Directors - Invest\" \/>\n<meta property=\"og:description\" content=\"COMMITTEES OF THE BOARD OF DIRECTORS CORPORATE GOVERNANCE COMMITTEE \u00a0 Chairman: CELALETT\u0130N KARABULUT (Independent Board Member) Member: SAM\u0130 DUMAN (Independent Board Member) Member: AHMET \u00c7A\u011eRI...\" \/>\n<meta property=\"og:url\" content=\"https:\/\/invest.papilon.com.tr\/cms\/index.php\/en\/committees-of-the-board-of-directors\/\" \/>\n<meta property=\"og:site_name\" content=\"Invest\" \/>\n<meta property=\"article:modified_time\" content=\"2025-08-11T06:34:52+00:00\" \/>\n<meta name=\"twitter:card\" content=\"summary_large_image\" \/>\n<meta name=\"twitter:label1\" content=\"Tahmini okuma s\u00fcresi\" \/>\n\t<meta name=\"twitter:data1\" content=\"1 dakika\" \/>\n<script type=\"application\/ld+json\" class=\"yoast-schema-graph\">{\"@context\":\"https:\/\/schema.org\",\"@graph\":[{\"@type\":\"WebPage\",\"@id\":\"https:\/\/invest.papilon.com.tr\/cms\/index.php\/en\/committees-of-the-board-of-directors\/\",\"url\":\"https:\/\/invest.papilon.com.tr\/cms\/index.php\/en\/committees-of-the-board-of-directors\/\",\"name\":\"Papilon Savunma - Yat\u0131r\u0131mc\u0131 \u0130li\u015fkileri - Committees of the Board of Directors - Invest\",\"isPartOf\":{\"@id\":\"https:\/\/invest.papilon.com.tr\/cms\/#website\"},\"datePublished\":\"2023-02-16T06:10:22+00:00\",\"dateModified\":\"2025-08-11T06:34:52+00:00\",\"breadcrumb\":{\"@id\":\"https:\/\/invest.papilon.com.tr\/cms\/index.php\/en\/committees-of-the-board-of-directors\/#breadcrumb\"},\"inLanguage\":\"tr\",\"potentialAction\":[{\"@type\":\"ReadAction\",\"target\":[\"https:\/\/invest.papilon.com.tr\/cms\/index.php\/en\/committees-of-the-board-of-directors\/\"]}]},{\"@type\":\"BreadcrumbList\",\"@id\":\"https:\/\/invest.papilon.com.tr\/cms\/index.php\/en\/committees-of-the-board-of-directors\/#breadcrumb\",\"itemListElement\":[{\"@type\":\"ListItem\",\"position\":1,\"name\":\"Anasayfa\",\"item\":\"https:\/\/invest.papilon.com.tr\/cms\/\"},{\"@type\":\"ListItem\",\"position\":2,\"name\":\"Committees of the Board of Directors\"}]},{\"@type\":\"WebSite\",\"@id\":\"https:\/\/invest.papilon.com.tr\/cms\/#website\",\"url\":\"https:\/\/invest.papilon.com.tr\/cms\/\",\"name\":\"Papilon Yat\u0131r\u0131mc\u0131 \u0130li\u015fkileri\",\"description\":\"Papilon Yat\u0131r\u0131mc\u0131 \u0130li\u015fkileri\",\"publisher\":{\"@id\":\"https:\/\/invest.papilon.com.tr\/cms\/#organization\"},\"potentialAction\":[{\"@type\":\"SearchAction\",\"target\":{\"@type\":\"EntryPoint\",\"urlTemplate\":\"https:\/\/invest.papilon.com.tr\/cms\/?s={search_term_string}\"},\"query-input\":\"required name=search_term_string\"}],\"inLanguage\":\"tr\"},{\"@type\":\"Organization\",\"@id\":\"https:\/\/invest.papilon.com.tr\/cms\/#organization\",\"name\":\"Papilon Savunma\",\"url\":\"https:\/\/invest.papilon.com.tr\/cms\/\",\"logo\":{\"@type\":\"ImageObject\",\"inLanguage\":\"tr\",\"@id\":\"https:\/\/invest.papilon.com.tr\/cms\/#\/schema\/logo\/image\/\",\"url\":\"https:\/\/invest.papilon.com.tr\/cms\/wp-content\/uploads\/2021\/04\/cropped-Papilon-site-ikonu.png\",\"contentUrl\":\"https:\/\/invest.papilon.com.tr\/cms\/wp-content\/uploads\/2021\/04\/cropped-Papilon-site-ikonu.png\",\"width\":512,\"height\":512,\"caption\":\"Papilon Savunma\"},\"image\":{\"@id\":\"https:\/\/invest.papilon.com.tr\/cms\/#\/schema\/logo\/image\/\"}}]}<\/script>\n<!-- \/ Yoast SEO plugin. -->","yoast_head_json":{"title":"Papilon Savunma - Yat\u0131r\u0131mc\u0131 \u0130li\u015fkileri - Committees of the Board of Directors - Invest","robots":{"index":"index","follow":"follow","max-snippet":"max-snippet:-1","max-image-preview":"max-image-preview:large","max-video-preview":"max-video-preview:-1"},"canonical":"https:\/\/invest.papilon.com.tr\/cms\/index.php\/en\/committees-of-the-board-of-directors\/","og_locale":"tr_TR","og_type":"article","og_title":"Papilon Savunma - Yat\u0131r\u0131mc\u0131 \u0130li\u015fkileri - Committees of the Board of Directors - Invest","og_description":"COMMITTEES OF THE BOARD OF DIRECTORS CORPORATE GOVERNANCE COMMITTEE \u00a0 Chairman: CELALETT\u0130N KARABULUT (Independent Board Member) Member: SAM\u0130 DUMAN (Independent Board Member) Member: AHMET \u00c7A\u011eRI...","og_url":"https:\/\/invest.papilon.com.tr\/cms\/index.php\/en\/committees-of-the-board-of-directors\/","og_site_name":"Invest","article_modified_time":"2025-08-11T06:34:52+00:00","twitter_card":"summary_large_image","twitter_misc":{"Tahmini okuma s\u00fcresi":"1 dakika"},"schema":{"@context":"https:\/\/schema.org","@graph":[{"@type":"WebPage","@id":"https:\/\/invest.papilon.com.tr\/cms\/index.php\/en\/committees-of-the-board-of-directors\/","url":"https:\/\/invest.papilon.com.tr\/cms\/index.php\/en\/committees-of-the-board-of-directors\/","name":"Papilon Savunma - Yat\u0131r\u0131mc\u0131 \u0130li\u015fkileri - Committees of the Board of Directors - Invest","isPartOf":{"@id":"https:\/\/invest.papilon.com.tr\/cms\/#website"},"datePublished":"2023-02-16T06:10:22+00:00","dateModified":"2025-08-11T06:34:52+00:00","breadcrumb":{"@id":"https:\/\/invest.papilon.com.tr\/cms\/index.php\/en\/committees-of-the-board-of-directors\/#breadcrumb"},"inLanguage":"tr","potentialAction":[{"@type":"ReadAction","target":["https:\/\/invest.papilon.com.tr\/cms\/index.php\/en\/committees-of-the-board-of-directors\/"]}]},{"@type":"BreadcrumbList","@id":"https:\/\/invest.papilon.com.tr\/cms\/index.php\/en\/committees-of-the-board-of-directors\/#breadcrumb","itemListElement":[{"@type":"ListItem","position":1,"name":"Anasayfa","item":"https:\/\/invest.papilon.com.tr\/cms\/"},{"@type":"ListItem","position":2,"name":"Committees of the Board of Directors"}]},{"@type":"WebSite","@id":"https:\/\/invest.papilon.com.tr\/cms\/#website","url":"https:\/\/invest.papilon.com.tr\/cms\/","name":"Papilon Yat\u0131r\u0131mc\u0131 \u0130li\u015fkileri","description":"Papilon Yat\u0131r\u0131mc\u0131 \u0130li\u015fkileri","publisher":{"@id":"https:\/\/invest.papilon.com.tr\/cms\/#organization"},"potentialAction":[{"@type":"SearchAction","target":{"@type":"EntryPoint","urlTemplate":"https:\/\/invest.papilon.com.tr\/cms\/?s={search_term_string}"},"query-input":"required name=search_term_string"}],"inLanguage":"tr"},{"@type":"Organization","@id":"https:\/\/invest.papilon.com.tr\/cms\/#organization","name":"Papilon Savunma","url":"https:\/\/invest.papilon.com.tr\/cms\/","logo":{"@type":"ImageObject","inLanguage":"tr","@id":"https:\/\/invest.papilon.com.tr\/cms\/#\/schema\/logo\/image\/","url":"https:\/\/invest.papilon.com.tr\/cms\/wp-content\/uploads\/2021\/04\/cropped-Papilon-site-ikonu.png","contentUrl":"https:\/\/invest.papilon.com.tr\/cms\/wp-content\/uploads\/2021\/04\/cropped-Papilon-site-ikonu.png","width":512,"height":512,"caption":"Papilon Savunma"},"image":{"@id":"https:\/\/invest.papilon.com.tr\/cms\/#\/schema\/logo\/image\/"}}]}},"_links":{"self":[{"href":"https:\/\/invest.papilon.com.tr\/cms\/index.php\/wp-json\/wp\/v2\/pages\/4711","targetHints":{"allow":["GET"]}}],"collection":[{"href":"https:\/\/invest.papilon.com.tr\/cms\/index.php\/wp-json\/wp\/v2\/pages"}],"about":[{"href":"https:\/\/invest.papilon.com.tr\/cms\/index.php\/wp-json\/wp\/v2\/types\/page"}],"author":[{"embeddable":true,"href":"https:\/\/invest.papilon.com.tr\/cms\/index.php\/wp-json\/wp\/v2\/users\/6"}],"replies":[{"embeddable":true,"href":"https:\/\/invest.papilon.com.tr\/cms\/index.php\/wp-json\/wp\/v2\/comments?post=4711"}],"version-history":[{"count":12,"href":"https:\/\/invest.papilon.com.tr\/cms\/index.php\/wp-json\/wp\/v2\/pages\/4711\/revisions"}],"predecessor-version":[{"id":7357,"href":"https:\/\/invest.papilon.com.tr\/cms\/index.php\/wp-json\/wp\/v2\/pages\/4711\/revisions\/7357"}],"wp:attachment":[{"href":"https:\/\/invest.papilon.com.tr\/cms\/index.php\/wp-json\/wp\/v2\/media?parent=4711"}],"curies":[{"name":"wp","href":"https:\/\/api.w.org\/{rel}","templated":true}]}}