{"id":4556,"date":"2023-02-14T16:09:58","date_gmt":"2023-02-14T13:09:58","guid":{"rendered":"https:\/\/invest.papilon.com.tr\/cms\/?page_id=4556"},"modified":"2023-07-19T16:09:09","modified_gmt":"2023-07-19T13:09:09","slug":"conseil-dadministration","status":"publish","type":"page","link":"https:\/\/invest.papilon.com.tr\/cms\/index.php\/fr\/conseil-dadministration\/","title":{"rendered":"Conseil d&#8217;administration"},"content":{"rendered":"\t\t<div data-elementor-type=\"wp-page\" data-elementor-id=\"4556\" class=\"elementor elementor-4556\" data-elementor-settings=\"[]\">\n\t\t\t\t\t\t\t<div class=\"elementor-section-wrap\">\n\t\t\t\t\t\t\t<section class=\"elementor-section elementor-top-section elementor-element elementor-element-18337eed elementor-section-full_width elementor-section-height-min-height elementor-section-stretched elementor-section-height-default elementor-section-items-middle\" data-id=\"18337eed\" data-element_type=\"section\" data-settings=\"{&quot;stretch_section&quot;:&quot;section-stretched&quot;,&quot;background_background&quot;:&quot;gradient&quot;}\">\n\t\t\t\t\t\t\t<div class=\"elementor-background-overlay\"><\/div>\n\t\t\t\t\t\t\t<div class=\"elementor-container elementor-column-gap-default\">\n\t\t\t\t\t<div class=\"elementor-column elementor-col-100 elementor-top-column elementor-element elementor-element-1de763d6\" data-id=\"1de763d6\" data-element_type=\"column\">\n\t\t\t<div class=\"elementor-widget-wrap elementor-element-populated\">\n\t\t\t\t\t\t\t\t\t<\/div>\n\t\t<\/div>\n\t\t\t\t\t\t\t<\/div>\n\t\t<\/section>\n\t\t\t\t<section class=\"elementor-section elementor-top-section elementor-element elementor-element-467ae593 elementor-section-stretched elementor-section-height-min-height elementor-section-items-top elementor-section-boxed elementor-section-height-default\" data-id=\"467ae593\" data-element_type=\"section\" data-settings=\"{&quot;stretch_section&quot;:&quot;section-stretched&quot;,&quot;background_background&quot;:&quot;classic&quot;}\">\n\t\t\t\t\t\t\t<div class=\"elementor-background-overlay\"><\/div>\n\t\t\t\t\t\t\t<div class=\"elementor-container elementor-column-gap-default\">\n\t\t\t\t\t<div class=\"elementor-column elementor-col-100 elementor-top-column elementor-element elementor-element-79ca51c2\" data-id=\"79ca51c2\" data-element_type=\"column\">\n\t\t\t<div class=\"elementor-widget-wrap elementor-element-populated\">\n\t\t\t\t\t\t\t\t<div class=\"elementor-element elementor-element-1992791d elementor-widget elementor-widget-heading\" data-id=\"1992791d\" data-element_type=\"widget\" data-widget_type=\"heading.default\">\n\t\t\t\t<div class=\"elementor-widget-container\">\n\t\t\t<h2 class=\"elementor-heading-title elementor-size-default\">CONSEIL D'ADMINISTRATION<br><br><\/h2>\t\t<\/div>\n\t\t\t\t<\/div>\n\t\t\t\t<div class=\"elementor-element elementor-element-48f6a91 elementor-widget elementor-widget-shortcode\" data-id=\"48f6a91\" data-element_type=\"widget\" data-widget_type=\"shortcode.default\">\n\t\t\t\t<div class=\"elementor-widget-container\">\n\t\t\t\t\t<div class=\"elementor-shortcode\">\n<table id=\"tablepress-35\" class=\"tablepress tablepress-id-35\">\n<thead>\n<tr class=\"row-1 odd\">\n\t<th class=\"column-1\">Nom et pr\u00e9nom<\/th><th class=\"column-2\">Titre<\/th><th class=\"column-3\">Date de la premi\u00e8re \u00e9lection au conseil d'administration<\/th><th class=\"column-4\">Charg\u00e9 de l'ex\u00e9cution ou non<\/th><th class=\"column-5\">Membre ind\u00e9pendant du conseil d'administration ou non<\/th>\n<\/tr>\n<\/thead>\n<tbody class=\"row-hover\">\n<tr class=\"row-2 even\">\n\t<td class=\"column-1\">EKREM KORMAZ<\/td><td class=\"column-2\">Pr\u00e9sident du Conseil d'Administration<\/td><td class=\"column-3\">31.07.2025<\/td><td class=\"column-4\">Officier ex\u00e9cutif<\/td><td class=\"column-5\">Membre non ind\u00e9pendant<\/td>\n<\/tr>\n<tr class=\"row-3 odd\">\n\t<td class=\"column-1\">MUHAMMET NEZ\u0130R EROL<\/td><td class=\"column-2\">Vice-pr\u00e9sident du conseil d'administration<\/td><td class=\"column-3\">31.07.2025<\/td><td class=\"column-4\">Officier ex\u00e9cutif<\/td><td class=\"column-5\">Membre non ind\u00e9pendant<\/td>\n<\/tr>\n<tr class=\"row-4 even\">\n\t<td class=\"column-1\">Y\u00dcCEL \u015eABANO\u011eLU<\/td><td class=\"column-2\">Membre du conseil<\/td><td class=\"column-3\">31.07.2025<\/td><td class=\"column-4\">Non ex\u00e9cutif<\/td><td class=\"column-5\">Membre non ind\u00e9pendant<\/td>\n<\/tr>\n<tr class=\"row-5 odd\">\n\t<td class=\"column-1\">ESRA \u00d6ZG\u00dcM\u00dc\u015e<\/td><td class=\"column-2\">Membre du conseil<\/td><td class=\"column-3\">31.07.2025<\/td><td class=\"column-4\">Non ex\u00e9cutif<\/td><td class=\"column-5\">Membre non ind\u00e9pendant<\/td>\n<\/tr>\n<tr class=\"row-6 even\">\n\t<td class=\"column-1\">\u0130BRAH\u0130M DEM\u0130R<\/td><td class=\"column-2\">Membre du conseil<\/td><td class=\"column-3\">31.07.2025<\/td><td class=\"column-4\">Non ex\u00e9cutif<\/td><td class=\"column-5\">Membre non ind\u00e9pendant<\/td>\n<\/tr>\n<tr class=\"row-7 odd\">\n\t<td class=\"column-1\">CELALETT\u0130N KARABULUT<\/td><td class=\"column-2\">Membre ind\u00e9pendant du conseil d'administration<\/td><td class=\"column-3\">31.07.2025<\/td><td class=\"column-4\">Non ex\u00e9cutif<\/td><td class=\"column-5\">Membre ind\u00e9pendant<\/td>\n<\/tr>\n<tr class=\"row-8 even\">\n\t<td class=\"column-1\">SAM\u0130 DUMAN<\/td><td class=\"column-2\">Membre ind\u00e9pendant du conseil d'administration<\/td><td class=\"column-3\">31.07.2025<\/td><td class=\"column-4\">Non ex\u00e9cutif<\/td><td class=\"column-5\">Membre ind\u00e9pendant<\/td>\n<\/tr>\n<\/tbody>\n<\/table>\n<\/div>\n\t\t\t\t<\/div>\n\t\t\t\t<\/div>\n\t\t\t\t\t<\/div>\n\t\t<\/div>\n\t\t\t\t\t\t\t<\/div>\n\t\t<\/section>\n\t\t\t\t\t\t<\/div>\n\t\t\t\t\t<\/div>\n\t\t","protected":false},"excerpt":{"rendered":"<p>CONSEIL D&#8217;ADMINISTRATION<\/p>\n","protected":false},"author":3,"featured_media":0,"parent":0,"menu_order":0,"comment_status":"closed","ping_status":"closed","template":"elementor_header_footer","meta":{"_eb_attr":"","_mi_skip_tracking":false,"_monsterinsights_sitenote_active":false,"_monsterinsights_sitenote_note":"","_monsterinsights_sitenote_category":0,"footnotes":""},"class_list":["post-4556","page","type-page","status-publish","hentry"],"yoast_head":"<!-- This site is optimized with the Yoast SEO plugin v20.11 - https:\/\/yoast.com\/wordpress\/plugins\/seo\/ -->\n<title>Conseil d&#039;administration - Invest<\/title>\n<meta name=\"robots\" content=\"index, follow, max-snippet:-1, max-image-preview:large, max-video-preview:-1\" \/>\n<link rel=\"canonical\" href=\"https:\/\/invest.papilon.com.tr\/cms\/index.php\/fr\/conseil-dadministration\/\" \/>\n<meta property=\"og:locale\" content=\"tr_TR\" \/>\n<meta property=\"og:type\" content=\"article\" \/>\n<meta property=\"og:title\" content=\"Conseil d&#039;administration - Invest\" \/>\n<meta property=\"og:description\" content=\"CONSEIL D&#8217;ADMINISTRATION\" \/>\n<meta property=\"og:url\" content=\"https:\/\/invest.papilon.com.tr\/cms\/index.php\/fr\/conseil-dadministration\/\" \/>\n<meta property=\"og:site_name\" content=\"Invest\" \/>\n<meta property=\"article:modified_time\" content=\"2023-07-19T13:09:09+00:00\" \/>\n<meta name=\"twitter:card\" content=\"summary_large_image\" \/>\n<meta name=\"twitter:label1\" content=\"Tahmini okuma s\u00fcresi\" \/>\n\t<meta name=\"twitter:data1\" content=\"1 dakika\" \/>\n<script type=\"application\/ld+json\" class=\"yoast-schema-graph\">{\"@context\":\"https:\/\/schema.org\",\"@graph\":[{\"@type\":\"WebPage\",\"@id\":\"https:\/\/invest.papilon.com.tr\/cms\/index.php\/fr\/conseil-dadministration\/\",\"url\":\"https:\/\/invest.papilon.com.tr\/cms\/index.php\/fr\/conseil-dadministration\/\",\"name\":\"Conseil d'administration - Invest\",\"isPartOf\":{\"@id\":\"https:\/\/invest.papilon.com.tr\/cms\/#website\"},\"datePublished\":\"2023-02-14T13:09:58+00:00\",\"dateModified\":\"2023-07-19T13:09:09+00:00\",\"breadcrumb\":{\"@id\":\"https:\/\/invest.papilon.com.tr\/cms\/index.php\/fr\/conseil-dadministration\/#breadcrumb\"},\"inLanguage\":\"tr\",\"potentialAction\":[{\"@type\":\"ReadAction\",\"target\":[\"https:\/\/invest.papilon.com.tr\/cms\/index.php\/fr\/conseil-dadministration\/\"]}]},{\"@type\":\"BreadcrumbList\",\"@id\":\"https:\/\/invest.papilon.com.tr\/cms\/index.php\/fr\/conseil-dadministration\/#breadcrumb\",\"itemListElement\":[{\"@type\":\"ListItem\",\"position\":1,\"name\":\"Anasayfa\",\"item\":\"https:\/\/invest.papilon.com.tr\/cms\/\"},{\"@type\":\"ListItem\",\"position\":2,\"name\":\"Conseil d&#8217;administration\"}]},{\"@type\":\"WebSite\",\"@id\":\"https:\/\/invest.papilon.com.tr\/cms\/#website\",\"url\":\"https:\/\/invest.papilon.com.tr\/cms\/\",\"name\":\"Papilon Yat\u0131r\u0131mc\u0131 \u0130li\u015fkileri\",\"description\":\"Papilon Yat\u0131r\u0131mc\u0131 \u0130li\u015fkileri\",\"publisher\":{\"@id\":\"https:\/\/invest.papilon.com.tr\/cms\/#organization\"},\"potentialAction\":[{\"@type\":\"SearchAction\",\"target\":{\"@type\":\"EntryPoint\",\"urlTemplate\":\"https:\/\/invest.papilon.com.tr\/cms\/?s={search_term_string}\"},\"query-input\":\"required name=search_term_string\"}],\"inLanguage\":\"tr\"},{\"@type\":\"Organization\",\"@id\":\"https:\/\/invest.papilon.com.tr\/cms\/#organization\",\"name\":\"Papilon Savunma\",\"url\":\"https:\/\/invest.papilon.com.tr\/cms\/\",\"logo\":{\"@type\":\"ImageObject\",\"inLanguage\":\"tr\",\"@id\":\"https:\/\/invest.papilon.com.tr\/cms\/#\/schema\/logo\/image\/\",\"url\":\"https:\/\/invest.papilon.com.tr\/cms\/wp-content\/uploads\/2021\/04\/cropped-Papilon-site-ikonu.png\",\"contentUrl\":\"https:\/\/invest.papilon.com.tr\/cms\/wp-content\/uploads\/2021\/04\/cropped-Papilon-site-ikonu.png\",\"width\":512,\"height\":512,\"caption\":\"Papilon Savunma\"},\"image\":{\"@id\":\"https:\/\/invest.papilon.com.tr\/cms\/#\/schema\/logo\/image\/\"}}]}<\/script>\n<!-- \/ Yoast SEO plugin. -->","yoast_head_json":{"title":"Conseil d'administration - Invest","robots":{"index":"index","follow":"follow","max-snippet":"max-snippet:-1","max-image-preview":"max-image-preview:large","max-video-preview":"max-video-preview:-1"},"canonical":"https:\/\/invest.papilon.com.tr\/cms\/index.php\/fr\/conseil-dadministration\/","og_locale":"tr_TR","og_type":"article","og_title":"Conseil d'administration - Invest","og_description":"CONSEIL D&#8217;ADMINISTRATION","og_url":"https:\/\/invest.papilon.com.tr\/cms\/index.php\/fr\/conseil-dadministration\/","og_site_name":"Invest","article_modified_time":"2023-07-19T13:09:09+00:00","twitter_card":"summary_large_image","twitter_misc":{"Tahmini okuma s\u00fcresi":"1 dakika"},"schema":{"@context":"https:\/\/schema.org","@graph":[{"@type":"WebPage","@id":"https:\/\/invest.papilon.com.tr\/cms\/index.php\/fr\/conseil-dadministration\/","url":"https:\/\/invest.papilon.com.tr\/cms\/index.php\/fr\/conseil-dadministration\/","name":"Conseil d'administration - Invest","isPartOf":{"@id":"https:\/\/invest.papilon.com.tr\/cms\/#website"},"datePublished":"2023-02-14T13:09:58+00:00","dateModified":"2023-07-19T13:09:09+00:00","breadcrumb":{"@id":"https:\/\/invest.papilon.com.tr\/cms\/index.php\/fr\/conseil-dadministration\/#breadcrumb"},"inLanguage":"tr","potentialAction":[{"@type":"ReadAction","target":["https:\/\/invest.papilon.com.tr\/cms\/index.php\/fr\/conseil-dadministration\/"]}]},{"@type":"BreadcrumbList","@id":"https:\/\/invest.papilon.com.tr\/cms\/index.php\/fr\/conseil-dadministration\/#breadcrumb","itemListElement":[{"@type":"ListItem","position":1,"name":"Anasayfa","item":"https:\/\/invest.papilon.com.tr\/cms\/"},{"@type":"ListItem","position":2,"name":"Conseil d&#8217;administration"}]},{"@type":"WebSite","@id":"https:\/\/invest.papilon.com.tr\/cms\/#website","url":"https:\/\/invest.papilon.com.tr\/cms\/","name":"Papilon Yat\u0131r\u0131mc\u0131 \u0130li\u015fkileri","description":"Papilon Yat\u0131r\u0131mc\u0131 \u0130li\u015fkileri","publisher":{"@id":"https:\/\/invest.papilon.com.tr\/cms\/#organization"},"potentialAction":[{"@type":"SearchAction","target":{"@type":"EntryPoint","urlTemplate":"https:\/\/invest.papilon.com.tr\/cms\/?s={search_term_string}"},"query-input":"required name=search_term_string"}],"inLanguage":"tr"},{"@type":"Organization","@id":"https:\/\/invest.papilon.com.tr\/cms\/#organization","name":"Papilon Savunma","url":"https:\/\/invest.papilon.com.tr\/cms\/","logo":{"@type":"ImageObject","inLanguage":"tr","@id":"https:\/\/invest.papilon.com.tr\/cms\/#\/schema\/logo\/image\/","url":"https:\/\/invest.papilon.com.tr\/cms\/wp-content\/uploads\/2021\/04\/cropped-Papilon-site-ikonu.png","contentUrl":"https:\/\/invest.papilon.com.tr\/cms\/wp-content\/uploads\/2021\/04\/cropped-Papilon-site-ikonu.png","width":512,"height":512,"caption":"Papilon Savunma"},"image":{"@id":"https:\/\/invest.papilon.com.tr\/cms\/#\/schema\/logo\/image\/"}}]}},"_links":{"self":[{"href":"https:\/\/invest.papilon.com.tr\/cms\/index.php\/wp-json\/wp\/v2\/pages\/4556","targetHints":{"allow":["GET"]}}],"collection":[{"href":"https:\/\/invest.papilon.com.tr\/cms\/index.php\/wp-json\/wp\/v2\/pages"}],"about":[{"href":"https:\/\/invest.papilon.com.tr\/cms\/index.php\/wp-json\/wp\/v2\/types\/page"}],"author":[{"embeddable":true,"href":"https:\/\/invest.papilon.com.tr\/cms\/index.php\/wp-json\/wp\/v2\/users\/3"}],"replies":[{"embeddable":true,"href":"https:\/\/invest.papilon.com.tr\/cms\/index.php\/wp-json\/wp\/v2\/comments?post=4556"}],"version-history":[{"count":10,"href":"https:\/\/invest.papilon.com.tr\/cms\/index.php\/wp-json\/wp\/v2\/pages\/4556\/revisions"}],"predecessor-version":[{"id":4985,"href":"https:\/\/invest.papilon.com.tr\/cms\/index.php\/wp-json\/wp\/v2\/pages\/4556\/revisions\/4985"}],"wp:attachment":[{"href":"https:\/\/invest.papilon.com.tr\/cms\/index.php\/wp-json\/wp\/v2\/media?parent=4556"}],"curies":[{"name":"wp","href":"https:\/\/api.w.org\/{rel}","templated":true}]}}