{"id":4525,"date":"2023-02-14T15:33:02","date_gmt":"2023-02-14T12:33:02","guid":{"rendered":"https:\/\/invest.papilon.com.tr\/cms\/?page_id=4525"},"modified":"2023-07-19T16:07:37","modified_gmt":"2023-07-19T13:07:37","slug":"home-page","status":"publish","type":"page","link":"https:\/\/invest.papilon.com.tr\/cms\/index.php\/en\/home-page\/","title":{"rendered":"Home Page"},"content":{"rendered":"\t\t<div data-elementor-type=\"wp-page\" data-elementor-id=\"4525\" class=\"elementor elementor-4525\" data-elementor-settings=\"[]\">\n\t\t\t\t\t\t\t<div class=\"elementor-section-wrap\">\n\t\t\t\t\t\t\t<section class=\"elementor-section elementor-top-section elementor-element elementor-element-81b2709 elementor-section-full_width elementor-section-height-min-height elementor-section-stretched elementor-section-height-default elementor-section-items-middle\" data-id=\"81b2709\" data-element_type=\"section\" data-settings=\"{&quot;stretch_section&quot;:&quot;section-stretched&quot;,&quot;background_background&quot;:&quot;gradient&quot;}\">\n\t\t\t\t\t\t\t<div class=\"elementor-background-overlay\"><\/div>\n\t\t\t\t\t\t\t<div class=\"elementor-container elementor-column-gap-default\">\n\t\t\t\t\t<div class=\"elementor-column elementor-col-100 elementor-top-column elementor-element elementor-element-81dd9e6\" data-id=\"81dd9e6\" data-element_type=\"column\">\n\t\t\t<div class=\"elementor-widget-wrap elementor-element-populated\">\n\t\t\t\t\t\t\t\t\t<\/div>\n\t\t<\/div>\n\t\t\t\t\t\t\t<\/div>\n\t\t<\/section>\n\t\t\t\t<section class=\"elementor-section elementor-top-section elementor-element elementor-element-5118f8b elementor-section-stretched elementor-section-boxed elementor-section-height-default elementor-section-height-default\" data-id=\"5118f8b\" data-element_type=\"section\" data-settings=\"{&quot;stretch_section&quot;:&quot;section-stretched&quot;}\">\n\t\t\t\t\t\t<div class=\"elementor-container elementor-column-gap-default\">\n\t\t\t\t\t<div class=\"elementor-column elementor-col-100 elementor-top-column elementor-element elementor-element-ad26ca7\" data-id=\"ad26ca7\" data-element_type=\"column\">\n\t\t\t<div class=\"elementor-widget-wrap elementor-element-populated\">\n\t\t\t\t\t\t\t\t<section class=\"elementor-section elementor-inner-section elementor-element elementor-element-9fcacda elementor-section-boxed elementor-section-height-default elementor-section-height-default\" data-id=\"9fcacda\" data-element_type=\"section\">\n\t\t\t\t\t\t<div class=\"elementor-container elementor-column-gap-default\">\n\t\t\t\t\t<div class=\"elementor-column elementor-col-100 elementor-inner-column elementor-element elementor-element-4a4b4ae\" data-id=\"4a4b4ae\" data-element_type=\"column\">\n\t\t\t<div class=\"elementor-widget-wrap elementor-element-populated\">\n\t\t\t\t\t\t\t\t<div class=\"elementor-element elementor-element-c299292 elementor-widget__width-initial elementor-invisible elementor-widget elementor-widget-heading\" data-id=\"c299292\" data-element_type=\"widget\" data-settings=\"{&quot;_animation&quot;:&quot;lightSpeedIn&quot;}\" data-widget_type=\"heading.default\">\n\t\t\t\t<div class=\"elementor-widget-container\">\n\t\t\t<h2 class=\"elementor-heading-title elementor-size-default\">TOGETHER, FORWARD<div><span style=\"font-family: Arial, sans-serif; font-size: 45px; font-style: normal; font-weight: bold;\"><\/span><\/div><\/h2>\t\t<\/div>\n\t\t\t\t<\/div>\n\t\t\t\t<div class=\"elementor-element elementor-element-e47d7cb elementor-widget elementor-widget-text-editor\" data-id=\"e47d7cb\" data-element_type=\"widget\" data-widget_type=\"text-editor.default\">\n\t\t\t\t<div class=\"elementor-widget-container\">\n\t\t\t\t\t\t\t<p>As Papilon, we look to the future with hope, with the strength we derive from our investors, and continue to add value to human life with our pioneering technology that makes a difference. We are constantly producing with perseverance, determination, and the desire to work and develop endlessly, and we always dream of better.<\/p><p>Let&#8217;s climb the steps together on this road we set out towards the future.<\/p>\t\t\t\t\t\t<\/div>\n\t\t\t\t<\/div>\n\t\t\t\t<div class=\"elementor-element elementor-element-d505c99 elementor-widget elementor-widget-image\" data-id=\"d505c99\" data-element_type=\"widget\" data-widget_type=\"image.default\">\n\t\t\t\t<div class=\"elementor-widget-container\">\n\t\t\t\t\t\t\t\t\t\t\t\t\t\t\t<img loading=\"lazy\" decoding=\"async\" width=\"1440\" height=\"417\" src=\"https:\/\/invest.papilon.com.tr\/cms\/wp-content\/uploads\/2023\/02\/papilon_aboutus_ing.png\" class=\"attachment-2048x2048 size-2048x2048\" alt=\"\" srcset=\"https:\/\/invest.papilon.com.tr\/cms\/wp-content\/uploads\/2023\/02\/papilon_aboutus_ing.png 1440w, https:\/\/invest.papilon.com.tr\/cms\/wp-content\/uploads\/2023\/02\/papilon_aboutus_ing-300x87.png 300w, https:\/\/invest.papilon.com.tr\/cms\/wp-content\/uploads\/2023\/02\/papilon_aboutus_ing-1024x297.png 1024w, https:\/\/invest.papilon.com.tr\/cms\/wp-content\/uploads\/2023\/02\/papilon_aboutus_ing-768x222.png 768w, https:\/\/invest.papilon.com.tr\/cms\/wp-content\/uploads\/2023\/02\/papilon_aboutus_ing-1126x326.png 1126w, https:\/\/invest.papilon.com.tr\/cms\/wp-content\/uploads\/2023\/02\/papilon_aboutus_ing-740x214.png 740w\" sizes=\"auto, (max-width: 1440px) 100vw, 1440px\" \/>\t\t\t\t\t\t\t\t\t\t\t\t\t\t\t<\/div>\n\t\t\t\t<\/div>\n\t\t\t\t\t<\/div>\n\t\t<\/div>\n\t\t\t\t\t\t\t<\/div>\n\t\t<\/section>\n\t\t\t\t\t<\/div>\n\t\t<\/div>\n\t\t\t\t\t\t\t<\/div>\n\t\t<\/section>\n\t\t\t\t<section class=\"elementor-section elementor-top-section elementor-element elementor-element-233b228 elementor-section-full_width elementor-section-height-default elementor-section-height-default\" data-id=\"233b228\" data-element_type=\"section\">\n\t\t\t\t\t\t<div class=\"elementor-container elementor-column-gap-default\">\n\t\t\t\t\t<div class=\"elementor-column elementor-col-100 elementor-top-column elementor-element elementor-element-5cba240\" data-id=\"5cba240\" data-element_type=\"column\">\n\t\t\t<div class=\"elementor-widget-wrap\">\n\t\t\t\t\t\t\t\t\t<\/div>\n\t\t<\/div>\n\t\t\t\t\t\t\t<\/div>\n\t\t<\/section>\n\t\t\t\t\t\t<\/div>\n\t\t\t\t\t<\/div>\n\t\t","protected":false},"excerpt":{"rendered":"<p>TOGETHER, FORWARD As Papilon, we look to the future with hope, with the strength we derive from our investors, and continue to add value to&#8230;<\/p>\n","protected":false},"author":3,"featured_media":0,"parent":0,"menu_order":0,"comment_status":"closed","ping_status":"closed","template":"elementor_header_footer","meta":{"_eb_attr":"","_mi_skip_tracking":false,"_monsterinsights_sitenote_active":false,"_monsterinsights_sitenote_note":"","_monsterinsights_sitenote_category":0,"footnotes":""},"class_list":["post-4525","page","type-page","status-publish","hentry"],"yoast_head":"<!-- This site is optimized with the Yoast SEO plugin v20.11 - https:\/\/yoast.com\/wordpress\/plugins\/seo\/ -->\n<title>Papilon Savunma - Yat\u0131r\u0131mc\u0131 \u0130li\u015fkileri - Home Page - Invest<\/title>\n<meta name=\"description\" content=\"Yat\u0131r\u0131mc\u0131lar\u0131m\u0131zla uzun s\u00fcreli ili\u015fkiler kurma, do\u011fru ve g\u00fcncel bilgi sa\u011flama \u00f6nceli\u011fi ile \u00e7al\u0131\u015f\u0131yoruz. Y\u00fcksek kaliteli ve fark yaratan\" \/>\n<meta name=\"robots\" content=\"index, follow, max-snippet:-1, max-image-preview:large, max-video-preview:-1\" \/>\n<link rel=\"canonical\" href=\"https:\/\/invest.papilon.com.tr\/cms\/index.php\/en\/home-page\/\" \/>\n<meta property=\"og:locale\" content=\"tr_TR\" \/>\n<meta property=\"og:type\" content=\"article\" \/>\n<meta property=\"og:title\" content=\"Papilon Savunma - Yat\u0131r\u0131mc\u0131 \u0130li\u015fkileri - Home Page - Invest\" \/>\n<meta property=\"og:description\" content=\"Yat\u0131r\u0131mc\u0131lar\u0131m\u0131zla uzun s\u00fcreli ili\u015fkiler kurma, do\u011fru ve g\u00fcncel bilgi sa\u011flama \u00f6nceli\u011fi ile \u00e7al\u0131\u015f\u0131yoruz. Y\u00fcksek kaliteli ve fark yaratan\" \/>\n<meta property=\"og:url\" content=\"https:\/\/invest.papilon.com.tr\/cms\/index.php\/en\/home-page\/\" \/>\n<meta property=\"og:site_name\" content=\"Invest\" \/>\n<meta property=\"article:modified_time\" content=\"2023-07-19T13:07:37+00:00\" \/>\n<meta property=\"og:image\" content=\"https:\/\/invest.papilon.com.tr\/cms\/wp-content\/uploads\/2022\/05\/01_sirketbilgileri.jpeg\" \/>\n<meta name=\"twitter:card\" content=\"summary_large_image\" \/>\n<meta name=\"twitter:label1\" content=\"Tahmini okuma s\u00fcresi\" \/>\n\t<meta name=\"twitter:data1\" content=\"2 dakika\" \/>\n<script type=\"application\/ld+json\" class=\"yoast-schema-graph\">{\"@context\":\"https:\/\/schema.org\",\"@graph\":[{\"@type\":\"WebPage\",\"@id\":\"https:\/\/invest.papilon.com.tr\/cms\/index.php\/en\/home-page\/\",\"url\":\"https:\/\/invest.papilon.com.tr\/cms\/index.php\/en\/home-page\/\",\"name\":\"Papilon Savunma - Yat\u0131r\u0131mc\u0131 \u0130li\u015fkileri - Home Page - Invest\",\"isPartOf\":{\"@id\":\"https:\/\/invest.papilon.com.tr\/cms\/#website\"},\"datePublished\":\"2023-02-14T12:33:02+00:00\",\"dateModified\":\"2023-07-19T13:07:37+00:00\",\"description\":\"Yat\u0131r\u0131mc\u0131lar\u0131m\u0131zla uzun s\u00fcreli ili\u015fkiler kurma, do\u011fru ve g\u00fcncel bilgi sa\u011flama \u00f6nceli\u011fi ile \u00e7al\u0131\u015f\u0131yoruz. Y\u00fcksek kaliteli ve fark yaratan\",\"breadcrumb\":{\"@id\":\"https:\/\/invest.papilon.com.tr\/cms\/index.php\/en\/home-page\/#breadcrumb\"},\"inLanguage\":\"tr\",\"potentialAction\":[{\"@type\":\"ReadAction\",\"target\":[\"https:\/\/invest.papilon.com.tr\/cms\/index.php\/en\/home-page\/\"]}]},{\"@type\":\"BreadcrumbList\",\"@id\":\"https:\/\/invest.papilon.com.tr\/cms\/index.php\/en\/home-page\/#breadcrumb\",\"itemListElement\":[{\"@type\":\"ListItem\",\"position\":1,\"name\":\"Anasayfa\",\"item\":\"https:\/\/invest.papilon.com.tr\/cms\/\"},{\"@type\":\"ListItem\",\"position\":2,\"name\":\"Home Page\"}]},{\"@type\":\"WebSite\",\"@id\":\"https:\/\/invest.papilon.com.tr\/cms\/#website\",\"url\":\"https:\/\/invest.papilon.com.tr\/cms\/\",\"name\":\"Papilon Yat\u0131r\u0131mc\u0131 \u0130li\u015fkileri\",\"description\":\"Papilon Yat\u0131r\u0131mc\u0131 \u0130li\u015fkileri\",\"publisher\":{\"@id\":\"https:\/\/invest.papilon.com.tr\/cms\/#organization\"},\"potentialAction\":[{\"@type\":\"SearchAction\",\"target\":{\"@type\":\"EntryPoint\",\"urlTemplate\":\"https:\/\/invest.papilon.com.tr\/cms\/?s={search_term_string}\"},\"query-input\":\"required name=search_term_string\"}],\"inLanguage\":\"tr\"},{\"@type\":\"Organization\",\"@id\":\"https:\/\/invest.papilon.com.tr\/cms\/#organization\",\"name\":\"Papilon Savunma\",\"url\":\"https:\/\/invest.papilon.com.tr\/cms\/\",\"logo\":{\"@type\":\"ImageObject\",\"inLanguage\":\"tr\",\"@id\":\"https:\/\/invest.papilon.com.tr\/cms\/#\/schema\/logo\/image\/\",\"url\":\"https:\/\/invest.papilon.com.tr\/cms\/wp-content\/uploads\/2021\/04\/cropped-Papilon-site-ikonu.png\",\"contentUrl\":\"https:\/\/invest.papilon.com.tr\/cms\/wp-content\/uploads\/2021\/04\/cropped-Papilon-site-ikonu.png\",\"width\":512,\"height\":512,\"caption\":\"Papilon Savunma\"},\"image\":{\"@id\":\"https:\/\/invest.papilon.com.tr\/cms\/#\/schema\/logo\/image\/\"}}]}<\/script>\n<!-- \/ Yoast SEO plugin. -->","yoast_head_json":{"title":"Papilon Savunma - Yat\u0131r\u0131mc\u0131 \u0130li\u015fkileri - Home Page - Invest","description":"Yat\u0131r\u0131mc\u0131lar\u0131m\u0131zla uzun s\u00fcreli ili\u015fkiler kurma, do\u011fru ve g\u00fcncel bilgi sa\u011flama \u00f6nceli\u011fi ile \u00e7al\u0131\u015f\u0131yoruz. Y\u00fcksek kaliteli ve fark yaratan","robots":{"index":"index","follow":"follow","max-snippet":"max-snippet:-1","max-image-preview":"max-image-preview:large","max-video-preview":"max-video-preview:-1"},"canonical":"https:\/\/invest.papilon.com.tr\/cms\/index.php\/en\/home-page\/","og_locale":"tr_TR","og_type":"article","og_title":"Papilon Savunma - Yat\u0131r\u0131mc\u0131 \u0130li\u015fkileri - Home Page - Invest","og_description":"Yat\u0131r\u0131mc\u0131lar\u0131m\u0131zla uzun s\u00fcreli ili\u015fkiler kurma, do\u011fru ve g\u00fcncel bilgi sa\u011flama \u00f6nceli\u011fi ile \u00e7al\u0131\u015f\u0131yoruz. Y\u00fcksek kaliteli ve fark yaratan","og_url":"https:\/\/invest.papilon.com.tr\/cms\/index.php\/en\/home-page\/","og_site_name":"Invest","article_modified_time":"2023-07-19T13:07:37+00:00","og_image":[{"url":"https:\/\/invest.papilon.com.tr\/cms\/wp-content\/uploads\/2022\/05\/01_sirketbilgileri.jpeg"}],"twitter_card":"summary_large_image","twitter_misc":{"Tahmini okuma s\u00fcresi":"2 dakika"},"schema":{"@context":"https:\/\/schema.org","@graph":[{"@type":"WebPage","@id":"https:\/\/invest.papilon.com.tr\/cms\/index.php\/en\/home-page\/","url":"https:\/\/invest.papilon.com.tr\/cms\/index.php\/en\/home-page\/","name":"Papilon Savunma - Yat\u0131r\u0131mc\u0131 \u0130li\u015fkileri - Home Page - Invest","isPartOf":{"@id":"https:\/\/invest.papilon.com.tr\/cms\/#website"},"datePublished":"2023-02-14T12:33:02+00:00","dateModified":"2023-07-19T13:07:37+00:00","description":"Yat\u0131r\u0131mc\u0131lar\u0131m\u0131zla uzun s\u00fcreli ili\u015fkiler kurma, do\u011fru ve g\u00fcncel bilgi sa\u011flama \u00f6nceli\u011fi ile \u00e7al\u0131\u015f\u0131yoruz. Y\u00fcksek kaliteli ve fark yaratan","breadcrumb":{"@id":"https:\/\/invest.papilon.com.tr\/cms\/index.php\/en\/home-page\/#breadcrumb"},"inLanguage":"tr","potentialAction":[{"@type":"ReadAction","target":["https:\/\/invest.papilon.com.tr\/cms\/index.php\/en\/home-page\/"]}]},{"@type":"BreadcrumbList","@id":"https:\/\/invest.papilon.com.tr\/cms\/index.php\/en\/home-page\/#breadcrumb","itemListElement":[{"@type":"ListItem","position":1,"name":"Anasayfa","item":"https:\/\/invest.papilon.com.tr\/cms\/"},{"@type":"ListItem","position":2,"name":"Home Page"}]},{"@type":"WebSite","@id":"https:\/\/invest.papilon.com.tr\/cms\/#website","url":"https:\/\/invest.papilon.com.tr\/cms\/","name":"Papilon Yat\u0131r\u0131mc\u0131 \u0130li\u015fkileri","description":"Papilon Yat\u0131r\u0131mc\u0131 \u0130li\u015fkileri","publisher":{"@id":"https:\/\/invest.papilon.com.tr\/cms\/#organization"},"potentialAction":[{"@type":"SearchAction","target":{"@type":"EntryPoint","urlTemplate":"https:\/\/invest.papilon.com.tr\/cms\/?s={search_term_string}"},"query-input":"required name=search_term_string"}],"inLanguage":"tr"},{"@type":"Organization","@id":"https:\/\/invest.papilon.com.tr\/cms\/#organization","name":"Papilon Savunma","url":"https:\/\/invest.papilon.com.tr\/cms\/","logo":{"@type":"ImageObject","inLanguage":"tr","@id":"https:\/\/invest.papilon.com.tr\/cms\/#\/schema\/logo\/image\/","url":"https:\/\/invest.papilon.com.tr\/cms\/wp-content\/uploads\/2021\/04\/cropped-Papilon-site-ikonu.png","contentUrl":"https:\/\/invest.papilon.com.tr\/cms\/wp-content\/uploads\/2021\/04\/cropped-Papilon-site-ikonu.png","width":512,"height":512,"caption":"Papilon Savunma"},"image":{"@id":"https:\/\/invest.papilon.com.tr\/cms\/#\/schema\/logo\/image\/"}}]}},"_links":{"self":[{"href":"https:\/\/invest.papilon.com.tr\/cms\/index.php\/wp-json\/wp\/v2\/pages\/4525","targetHints":{"allow":["GET"]}}],"collection":[{"href":"https:\/\/invest.papilon.com.tr\/cms\/index.php\/wp-json\/wp\/v2\/pages"}],"about":[{"href":"https:\/\/invest.papilon.com.tr\/cms\/index.php\/wp-json\/wp\/v2\/types\/page"}],"author":[{"embeddable":true,"href":"https:\/\/invest.papilon.com.tr\/cms\/index.php\/wp-json\/wp\/v2\/users\/3"}],"replies":[{"embeddable":true,"href":"https:\/\/invest.papilon.com.tr\/cms\/index.php\/wp-json\/wp\/v2\/comments?post=4525"}],"version-history":[{"count":12,"href":"https:\/\/invest.papilon.com.tr\/cms\/index.php\/wp-json\/wp\/v2\/pages\/4525\/revisions"}],"predecessor-version":[{"id":5748,"href":"https:\/\/invest.papilon.com.tr\/cms\/index.php\/wp-json\/wp\/v2\/pages\/4525\/revisions\/5748"}],"wp:attachment":[{"href":"https:\/\/invest.papilon.com.tr\/cms\/index.php\/wp-json\/wp\/v2\/media?parent=4525"}],"curies":[{"name":"wp","href":"https:\/\/api.w.org\/{rel}","templated":true}]}}